{"id":39,"date":"2017-01-25T11:37:16","date_gmt":"2017-01-25T10:37:16","guid":{"rendered":"https:\/\/www.rosenfelder-strand.de\/?page_id=39"},"modified":"2026-01-14T09:40:05","modified_gmt":"2026-01-14T08:40:05","slug":"booking-terms-conditions-2-2","status":"publish","type":"page","link":"https:\/\/www.rosenfelder-strand.de\/en\/prices\/booking-terms-and-conditions\/","title":{"rendered":"Booking terms and conditions"},"content":{"rendered":"<div class=\"wpb-content-wrapper\"><p>[vc_row][vc_column][\/vc_column][\/vc_row][vc_row][vc_column][vc_column_text]<\/p>\n<h2><span style=\"font-size: 12pt;\"><strong>1. Bestellung eines Standplatzes oder eines Mietobjektes<\/strong><\/span><\/h2>\n<p><span style=\"font-size: 12pt;\">Die Bestellung eines Standplatzes oder eines Mietobjektes f\u00fcr eine bestimmte Zeit zur Miete kann in Schriftform (Online-Buchung, per E-mail, oder Fax\/Brief), jeweils mit vollst\u00e4ndigen Absenderdaten, erfolgen. M\u00fcndliche Bestellungen und Nebenabreden sind nur wirksam, wenn sie nachfolgend von uns schriftlich best\u00e4tigt werden.<\/span><\/p>\n<h2><span style=\"font-size: 12pt;\"><strong>2. Preise und Zahlungsbedingungen<\/strong><\/span><\/h2>\n<p><span style=\"font-size: 12pt;\">F\u00fcr die laufende Saison sind alle g\u00fcltigen Preise im Internet unter <a href=\"http:\/\/www.rosenfelder-strand.de\">www.rosenfelder-strand.de<\/a> oder auf diversen Printmedien abrufbar. Die Preise und Zahlungsf\u00e4lligkeiten werden in der Buchungsbest\u00e4tigung (= schriftlicher Vertrag) ausgewiesen. Bei Zahlungsverzug l\u00e4nger als 10 Tage gilt der Platz unter Anwendung unserer Stornierungsbedingungen (siehe 12.) als storniert. Der Gast kann nicht von einem Hinweis seitens des Vermieters ausgehen. Es gelten des Weiteren folgende Zahlungsbedingungen:<\/span><\/p>\n<ul>\n<li>F\u00fcr Standpl\u00e4tze\/Mietb\u00e4der:\n<ul>\n<li>Mit Erhalt der Buchungsbest\u00e4tigung ist eine Anzahlung von 25% des Gesamtpreises f\u00e4llig.\u00a0Der Restbetrag ist bei Anreise an der Rezeption zu zahlen.<\/li>\n<li>Im Falle einer &#8220;kurzfristigen&#8221; Buchung (10 Tage oder weniger vor Anreise) oder einer spontanen Anreise ohne Vorabbuchung ist der Gesamtbetrag bei Anreise an der Rezeption zu zahlen.<\/li>\n<li>\u00c4nderungen an einer Buchung (z.B. \u00c4nderung der Personenanzahl oder Aufenthaltsdauer) sind bis zur Anreise vor Zahlung des Gesamtbetrages m\u00f6glich. 25% der zuvor get\u00e4tigen Buchung sind in jedem Fall als Anzahlung zu leisten, auch dann, wenn sich durch die \u00c4nderungen ein geringerer Gesamtbetrag ergeben sollte.<\/li>\n<li>M\u00f6chte der Gast einen festen Standplatz buchen, ist dieses durch eine Zusatzgeb\u00fchr von 10 \u20ac\/Buchung m\u00f6glich. F\u00fcr Buchungen, die die Saison 2026 ff. betreffen, erheben wir eine Zusatzgeb\u00fchr von 5 \u20ac\/Nacht. Die Garantie eine solche M\u00f6glichkeit zu bekommen, besteht nicht. Auch wenn ein bestimmter Standplatz an den Gast best\u00e4tigt wurde, kann es in seltenen F\u00e4llen betriebsbedingt zu einer Umbuchung kommen. In diesem Fall wird die Zusatzgeb\u00fchr nicht erhoben.<\/li>\n<\/ul>\n<\/li>\n<\/ul>\n<p>&nbsp;<\/p>\n<ul>\n<li>F\u00fcr Mietwohnwagen:\n<ul>\n<li>Mit Erhalt der Buchungsbest\u00e4tigung ist eine Anzahlung von 25% des Gesamtpreises f\u00e4llig. Der Restbetrag ist bis 30 Tage vor Anreise zu zahlen.<\/li>\n<li>Bei Buchungen, die 40 bis 11 Tage vor Anreise erfolgen, ist der Gesamtbetrag mit Erhalt der Buchungsbest\u00e4tigung f\u00e4llig.<\/li>\n<li>Bei Buchungen, die 10 Tage oder weniger vor Mietbeginn erfolgen, ist der Gesamtbetrag bei Anreise an der Rezeption zu zahlen.<\/li>\n<\/ul>\n<\/li>\n<\/ul>\n<h2><span style=\"font-size: 12pt;\"><strong> 3. Anreise und Abreise<\/strong><\/span><\/h2>\n<p>Bei unseren <u>Mietunterk\u00fcnften<\/u> gilt als ein Miettag die Zeit von 15.00 Uhr bis 10.00 Uhr des folgenden Tages. Die Mietunterkunft kann am ersten Tag der Mietzeit ab 15.00 Uhr belegt werden und ist am Tage des Mietzeitendes bis 10.00 Uhr zu r\u00e4umen.<\/p>\n<p>F\u00fcr unsere <u>Stand- und Zeltpl\u00e4tze<\/u> gilt als Miettag die Zeit von 15.00 Uhr bis 11.00 Uhr des folgenden Tages. Der Stand- oder Zeltplatz kann am ersten Tag der Mietzeit ab 15.00 Uhr belegt werden und ist am Tage des Mietzeitendes bis 11.00 Uhr zu r\u00e4umen.<\/p>\n<p>Je nach Auslastung und spezifischer Lage kann eine Anreise auch schon fr\u00fcher als zum Miettagsbeginn erfolgen \u2013 eine allgemeine Berechtigung dazu gibt es nicht. Erfolgt keine fristgerechte R\u00fcckgabe am Tage des vereinbarten Mietendes, k\u00f6nnen wir nach unserer Wahl den Preis f\u00fcr einen zus\u00e4tzlichen Miettag erheben, die Geltendmachung weitergehender gesetzlicher Rechte bleibt vorbehalten.<\/p>\n<h2><span style=\"font-size: 12pt;\"><strong> 4. Aufstellen von Wohnwagen, Zelten und Wohnmobilen<\/strong><\/span><\/h2>\n<p>Das Aufstellen der Wohnwagen, Zelte und Wohnmobile kann von uns einheitlich geregelt werden, um Belangen der Sicherheit und Ordnung Rechnung zu tragen. Den Weisungen der Mitarbeiter ist Folge zu leisten. Wir behalten uns vor und sind berechtigt, dem Mieter einen anderen Standplatz zuzuweisen, wenn dies aus erheblichen Gr\u00fcnden (z.B. Brandschutz, Sicherheitsabst\u00e4nde) oder aus technischen Gr\u00fcnden notwendig ist. Die Umlegung muss jedoch f\u00fcr den Mieter zumutbar sein.<\/p>\n<h2><span style=\"font-size: 12pt;\"><strong> 5. Mietgegenstand<\/strong><\/span><\/h2>\n<p>Jeder Mieter und Mitreisende ist verpflichtet, den gemieteten Standplatz, das Mietobjekt sowie Eigentum der anderen Campingplatznutzer pfleglich zu behandeln. Er ist verpflichtet, Sch\u00e4den, die er, seine Mitreisenden oder Besucher verursacht haben, uns zu melden und zu ersetzen.<\/p>\n<h2><span style=\"font-size: 12pt;\"><strong> 6. Besucher<\/strong><\/span><\/h2>\n<p>Die Nutzung des Standplatzes oder des Mietobjektes ist nur dem Mieter und seinen im Vertrag namentlich benannten Mitreisenden gestattet. Besucher sind vor dem Betreten der Anlage in der Rezeption anzumelden. Der Mieter hat f\u00fcr die Besucher ein gesondertes Entgelt zu entrichten, dessen H\u00f6he der Preisliste zu entnehmen ist.<\/p>\n<h2><span style=\"font-size: 12pt;\"><strong> 7. Ruhezeiten<\/strong><\/span><\/h2>\n<p>In der Zeit von 13.00 Uhr bis 15.00 Uhr sowie von 22.30 Uhr bis 7.00 Uhr ist Ruhezeit. Die Schranke bleibt von 7.00 Uhr bis 22.30 Uhr durchgehend durchfahrbar.<\/p>\n<h2><span style=\"font-size: 12pt;\"><strong> 8. Platzordnung<\/strong><\/span><\/h2>\n<p>Der Mieter, Mitreisende und G\u00e4ste sind verpflichtet, die Platzordnung einzuhalten. Die Platzordnung ist in der Rezeption ausgeh\u00e4ngt. Aus wichtigem Grunde, so z. B. bei groben oder wiederholten Verst\u00f6\u00dfen gegen die Platzordnung, sind wir zur fristlosen K\u00fcndigung des Mietvertrages berechtigt.<\/p>\n<h2><span style=\"font-size: 12pt;\"><strong> 9. R\u00fcckgabe<\/strong><\/span><\/h2>\n<p>Der Standplatz bzw. das Mietobjekt ist am Abreisetag ordnungsgem\u00e4\u00df und gereinigt zur\u00fcckzugeben. Wir sind berechtigt, bei Sch\u00e4den die zur Behebung erforderlichen Betr\u00e4ge zu verlangen.<\/p>\n<h2><span style=\"font-size: 12pt;\"><strong> 10. Versp\u00e4tete Anreise, Nichtanreise oder vorzeitige Abreise<\/strong><\/span><\/h2>\n<p>Bei versp\u00e4teter Anreise, Nichtanreise oder vorzeitiger Abreise sind wir rechtzeitig zu unterrichten. Sollte ein Standplatz\/Mietwohnwagen nicht bis 10.00 Uhr des auf den vereinbarten Mietbeginn folgenden Tag vom Mieter belegt sein, behalten wir uns das Recht zu einer anderweitigen Vermietung vor. Zu einer anderweitigen Belegung sind wir jedoch nicht verpflichtet. Es gibt in keinem der F\u00e4lle ein Anrecht auf Erstattung nicht genutzter Leistungen oder Guthabenerstellungen.<\/p>\n<h2><strong><span style=\"font-size: 12pt;\">11. Jugendliche<\/span><\/strong><\/h2>\n<p>Jugendliche <strong>bis<\/strong> 16 Jahren k\u00f6nnen wir nur in Begleitung Ihrer Eltern oder einem\/r offiziellen Betreuer\/in aufnehmen. Jugendliche <strong>ab<\/strong> 16 Jahren k\u00f6nnen wir nur in Begleitung einer mindestens 18-j\u00e4hrigen Begleitperson <strong>und<\/strong> mit einer schriftlichen Einverst\u00e4ndniserkl\u00e4rung eines Elternteils aufnehmen. Dabei muss eine st\u00e4ndig erreichbare Mobilfunknummer eines Elternteils angegeben werden.<\/p>\n<h2><span style=\"font-size: 12pt;\"><strong>12. Stornierung<\/strong><\/span><\/h2>\n<p>Sie haben das Recht, von dem geschlossenen Vertrag zur\u00fcckzutreten. Der R\u00fccktritt bedarf der Schriftform (eine E-Mail an info@rosenfelder-strand.de ist ausreichend).<\/p>\n<p>Bei Stornierung eines <span style=\"text-decoration: underline;\">Standplatzes\/Mietbades<\/span> behalten wir vom Gesamtmietpreis die angezahlten 25% ein.<\/p>\n<p>Bei Stornierung eines <span style=\"text-decoration: underline;\">Mietwohnwagens<\/span> behalten wir die angezahlten 25% ein, wenn die Stornierung bis 30 Tage vor Mietbeginn erfolgt. Kommt es innerhalb von 29 bis 11 Tagen vor Mietbeginn zu einer Stornierung, behalten wir vom Gesamtmietpreis 50% ein. Wenn die Stornierung 10 Tage oder weniger vor Mietbeginn eingeht, behalten wir vom Gesamtmietpreis 80% ein.<\/p>\n<p>Bei Stornierung eines <span style=\"text-decoration: underline;\">Standplatzes im Winter-Womo-Hafen<\/span> kann keine bereits bezahlte \u00dcbernachtungsgeb\u00fchr ausgezahlt werden.<\/p>\n<p>Es besteht Kenntnis dar\u00fcber, dass aufgrund beh\u00f6rdlicher Anordnungen oder betrieblicher Gegebenheiten ggf. bestimmte Gemeinschaftseinrichtungen und Angebote nicht ge\u00f6ffnet und damit nicht genutzt werden k\u00f6nnen oder d\u00fcrfen und\/oder bestimmte Auflagen bei Anreise bzw. w\u00e4hrend eines Aufenthaltes erf\u00fcllt werden m\u00fcssen. Hieraus k\u00f6nnen keine Minderungsanspr\u00fcche und keine R\u00fccktrittsanspr\u00fcche geltend gemacht werden.<\/p>\n<p>Sollten wir unseren Platz wider Erwarten in dem von Ihnen gebuchten Zeitraum aufgrund beh\u00f6rdlicher Anordnungen nicht \u00f6ffnen d\u00fcrfen, w\u00fcrden wir immer eine kostenfreie Umbuchung anbieten bzw. uns selbstverst\u00e4ndlich an die dann rechtlich geltenden Regelungen halten.<\/p>\n<h2><span style=\"font-size: 12pt;\"><strong>13. Reiser\u00fccktrittsabsicherung<\/strong><\/span><\/h2>\n<p>Wir empfehlen Ihnen den Abschluss einer Reiser\u00fccktrittsversicherung.<\/p>\n<p>Stand: 15.10.2025<\/p>\n<p>[\/vc_column_text][\/vc_column][\/vc_row][vc_column][\/vc_column]<\/p>\n<\/div>","protected":false},"excerpt":{"rendered":"<p>Alle Infos zur Buchung<\/p>\n","protected":false},"author":2,"featured_media":425,"parent":33,"menu_order":9,"comment_status":"closed","ping_status":"closed","template":"","meta":{"_acf_changed":false,"footnotes":""},"acf":[],"_links":{"self":[{"href":"https:\/\/www.rosenfelder-strand.de\/en\/wp-json\/wp\/v2\/pages\/39"}],"collection":[{"href":"https:\/\/www.rosenfelder-strand.de\/en\/wp-json\/wp\/v2\/pages"}],"about":[{"href":"https:\/\/www.rosenfelder-strand.de\/en\/wp-json\/wp\/v2\/types\/page"}],"author":[{"embeddable":true,"href":"https:\/\/www.rosenfelder-strand.de\/en\/wp-json\/wp\/v2\/users\/2"}],"replies":[{"embeddable":true,"href":"https:\/\/www.rosenfelder-strand.de\/en\/wp-json\/wp\/v2\/comments?post=39"}],"version-history":[{"count":54,"href":"https:\/\/www.rosenfelder-strand.de\/en\/wp-json\/wp\/v2\/pages\/39\/revisions"}],"predecessor-version":[{"id":13509,"href":"https:\/\/www.rosenfelder-strand.de\/en\/wp-json\/wp\/v2\/pages\/39\/revisions\/13509"}],"up":[{"embeddable":true,"href":"https:\/\/www.rosenfelder-strand.de\/en\/wp-json\/wp\/v2\/pages\/33"}],"wp:featuredmedia":[{"embeddable":true,"href":"https:\/\/www.rosenfelder-strand.de\/en\/wp-json\/wp\/v2\/media\/425"}],"wp:attachment":[{"href":"https:\/\/www.rosenfelder-strand.de\/en\/wp-json\/wp\/v2\/media?parent=39"}],"curies":[{"name":"wp","href":"https:\/\/api.w.org\/{rel}","templated":true}]}}