{"id":3737,"date":"2021-04-07T11:54:11","date_gmt":"2021-04-07T09:54:11","guid":{"rendered":"https:\/\/www.rosenfelder-strand.de\/?page_id=3737"},"modified":"2025-08-19T12:52:07","modified_gmt":"2025-08-19T10:52:07","slug":"wellness","status":"publish","type":"page","link":"https:\/\/www.rosenfelder-strand.de\/en\/sports-fun-spa\/wellness\/","title":{"rendered":"Wellness"},"content":{"rendered":"<div class=\"wpb-content-wrapper\"><p><\/p>\n<p>[vc_row][vc_column][vc_column_text]<\/p>\n<p>[\/vc_column_text][\/vc_column][\/vc_row][vc_row][vc_column][vc_column_text]<\/p>\n<p>Treiben Sie Sport an unseren Outdoorfitnessger\u00e4ten neben dem M\u00f6wenhaus oder mieten Sie die sch\u00f6ne kleine Sauna und genie\u00dfen Sie dort die private Atmosph\u00e4re und den weiten Blick aus dem Ruheraum.<\/p>\n<p>Ebenso gerne verw\u00f6hnen wir Sie in unserem Wellnessbereich mit Ostseeblick im Deichhaus. Dort erleben Sie den perfekten Abstand zum Alltag durch entspannende Fu\u00dfpflege, Kosmetik und Massage.<\/p>\n<p>[\/vc_column_text][\/vc_column][\/vc_row][vc_row el_class=&#8221;dllink&#8221;][vc_column][vc_single_image image=&#8221;12478&#8243; img_size=&#8221;full&#8221; onclick=&#8221;custom_link&#8221; img_link_target=&#8221;_blank&#8221; link=&#8221;https:\/\/www.rosenfelder-strand.de\/wp-content\/uploads\/2023\/05\/Wellness.pdf&#8221;][\/vc_column][\/vc_row][vc_column][\/vc_column]<\/p>\n<p><\/p>\n<\/div>","protected":false},"excerpt":{"rendered":"<p>[vc_row][vc_column][vc_column_text] [\/vc_column_text][\/vc_column][\/vc_row][vc_row][vc_column][vc_column_text] Treiben Sie Sport an unseren Outdoorfitnessger\u00e4ten neben dem M\u00f6wenhaus oder mieten Sie die sch\u00f6ne kleine Sauna und genie\u00dfen [&hellip;]<\/p>\n","protected":false},"author":8,"featured_media":3762,"parent":34,"menu_order":3,"comment_status":"closed","ping_status":"closed","template":"","meta":{"_acf_changed":false,"footnotes":""},"acf":[],"_links":{"self":[{"href":"https:\/\/www.rosenfelder-strand.de\/en\/wp-json\/wp\/v2\/pages\/3737"}],"collection":[{"href":"https:\/\/www.rosenfelder-strand.de\/en\/wp-json\/wp\/v2\/pages"}],"about":[{"href":"https:\/\/www.rosenfelder-strand.de\/en\/wp-json\/wp\/v2\/types\/page"}],"author":[{"embeddable":true,"href":"https:\/\/www.rosenfelder-strand.de\/en\/wp-json\/wp\/v2\/users\/8"}],"replies":[{"embeddable":true,"href":"https:\/\/www.rosenfelder-strand.de\/en\/wp-json\/wp\/v2\/comments?post=3737"}],"version-history":[{"count":3,"href":"https:\/\/www.rosenfelder-strand.de\/en\/wp-json\/wp\/v2\/pages\/3737\/revisions"}],"predecessor-version":[{"id":13246,"href":"https:\/\/www.rosenfelder-strand.de\/en\/wp-json\/wp\/v2\/pages\/3737\/revisions\/13246"}],"up":[{"embeddable":true,"href":"https:\/\/www.rosenfelder-strand.de\/en\/wp-json\/wp\/v2\/pages\/34"}],"wp:featuredmedia":[{"embeddable":true,"href":"https:\/\/www.rosenfelder-strand.de\/en\/wp-json\/wp\/v2\/media\/3762"}],"wp:attachment":[{"href":"https:\/\/www.rosenfelder-strand.de\/en\/wp-json\/wp\/v2\/media?parent=3737"}],"curies":[{"name":"wp","href":"https:\/\/api.w.org\/{rel}","templated":true}]}}