{"id":21,"date":"2017-01-25T11:28:44","date_gmt":"2017-01-25T10:28:44","guid":{"rendered":"https:\/\/www.rosenfelder-strand.de\/?page_id=21"},"modified":"2023-02-27T14:56:06","modified_gmt":"2023-02-27T13:56:06","slug":"toilets-and-washrooms","status":"publish","type":"page","link":"https:\/\/www.rosenfelder-strand.de\/en\/campsite\/toilets-washrooms\/","title":{"rendered":"Toilets and washrooms"},"content":{"rendered":"<div class=\"wpb-content-wrapper\"><p><\/p>\n<h2>Our toilets and washrooms are clean, sunny and brand new<\/h2>\n<p>It is one of our top priorities that our toilets and washrooms are clean. For this, the German ADAC motor club has awarded us the highest possible rating \u2013 which makes us proud. For your convenience, our four toilet and washroom blocks offer a pleasant, friendly atmosphere with warm colours, heated floors and lots of room. Our large changing rooms, hair drying and shaving areas also stand out thanks to the generous space available. The inviting entrances are fitted with benches and information boards. And each launderette also offers seating areas, which invite guests to join in the chitchat.<\/p>\n<p>&nbsp;<\/p>\n<h2>Apart from the shower and toilet rooms, each block offers its own special features:<\/h2>\n<div class=\"spalte2\">\n<h3>Deichhaus<\/h3>\n<p>The sunny dishwashing facilities at the Deichhaus, which is German for dyke house, also offer cooking facilities and a microwave. People with disabilities have barrier-free access to the toilets and washrooms at ground level. And our young guests don\u2019t have to walk far to their own children\u2019s toilets and washrooms. In addition, there is a separate baby care room. Parents and their children can shower together in the family washrooms. The top floor is equipped with pedicure and massage facilities as well as two luxury private washrooms (for an additional charge) with a view of the Baltic Sea. Dog owners can treat their best friends to a warm shower outside the building.<\/p>\n<p><\/div><div class=\"spalte2letzte\"><\/p>\n<h3>M\u00f6wenhaus<\/h3>\n<p>The M\u00f6wenhaus, which is German for seagull house, also provides our guests with cooking facilities and a microwave, and even has its own outside area for gutting fish. For people with disabilities, there are specially equipped toilets and washrooms at ground level. The children\u2019s facilities also offer an integrated nappy-changing area. Moreover, the M\u00f6wenhaus offers a bright and spacious launderette. You would prefer a private washroom? No problem: the M\u00f6wenhaus has two on offer (for an additional charge).<\/p>\n<p><\/div><div class=\"clear\"><\/div><div class=\"spalte2\"><\/p>\n<h3>Sommerhaus<\/h3>\n<p>The Sommerhaus, which is German for summer house, is surrounded by beautiful roses. You can sit on a bench chatting and enjoying the scent of the roses while waiting for your laundry to get done in the launderette. The dishwashing facilities are equipped with a microwave for heating up smaller meals and snacks. Parents will find convenient nappy changing facilities in the washrooms.<\/p>\n<p><\/div><div class=\"spalte2letzte\"><\/p>\n<h3>Landhaus<\/h3>\n<p>The Landhaus, which is German for country house, offers several cooking facilities with microwave, a common room with TV and a sauna (for an additional charge). A private washroom can be rented for an additional charge, and toilets and washrooms for people with disabilities, children\u2019s toilets and washrooms and an extra baby care room are also available. Here, too, the spacious launderette is the place for meeting others for a little chat. Outside, the Landhaus offers a separate area for gutting fish.<\/p>\n<p><\/div><div class=\"clear\"><\/div>\n<p>&nbsp;<\/p>\n\n\t\t<!-- MasterSlider -->\n\t\t<div id=\"P_MS69e4d907c3489\" class=\"master-slider-parent msl ms-parent-id-18\" style=\"max-width:1280px;\">\n\n\t\t\t\n\t\t\t<!-- MasterSlider Main -->\n\t\t\t<div id=\"MS69e4d907c3489\" class=\"master-slider ms-skin-light-2\" >\n\t\t\t\t \t\t\t\t \n\t\t\t\t<div  class=\"ms-slide\" data-delay=\"3\" data-fill-mode=\"fill\"  >\n\t\t\t\t\t<img decoding=\"async\" src=\"https:\/\/www.rosenfelder-strand.de\/wp-content\/plugins\/master-slider\/public\/assets\/css\/blank.gif\" alt=\"\" title=\"\" data-src=\"https:\/\/www.rosenfelder-strand.de\/wp-content\/uploads\/2017\/05\/ostsee_campingplatz_sanitaer_11.jpg\" \/>\n\n\n\t<img decoding=\"async\" class=\"ms-thumb\" src=\"https:\/\/www.rosenfelder-strand.de\/wp-content\/uploads\/2017\/05\/ostsee_campingplatz_sanitaer_11-120x63.jpg\" alt=\"\" \/>\n\t<div class=\"ms-thumb\" ><div class=\"ms-tab-context\"><div class=\"&quot;ms-tab-context&quot;\"><\/div><\/div>\n<\/div>\n\t\t\t\t<\/div>\n\t\t\t\t<div  class=\"ms-slide\" data-delay=\"3\" data-fill-mode=\"fill\"  >\n\t\t\t\t\t<img decoding=\"async\" src=\"https:\/\/www.rosenfelder-strand.de\/wp-content\/plugins\/master-slider\/public\/assets\/css\/blank.gif\" alt=\"\" title=\"\" data-src=\"https:\/\/www.rosenfelder-strand.de\/wp-content\/uploads\/2017\/05\/ostsee_campingplatz_sanitaer_12.jpg\" \/>\n\n\n\t<img decoding=\"async\" class=\"ms-thumb\" src=\"https:\/\/www.rosenfelder-strand.de\/wp-content\/uploads\/2017\/05\/ostsee_campingplatz_sanitaer_12-120x63.jpg\" alt=\"\" \/>\n\t<div class=\"ms-thumb\" ><div class=\"ms-tab-context\"><div class=\"&quot;ms-tab-context&quot;\"><\/div><\/div>\n<\/div>\n\t\t\t\t<\/div>\n\t\t\t\t<div  class=\"ms-slide\" data-delay=\"3\" data-fill-mode=\"fill\"  >\n\t\t\t\t\t<img decoding=\"async\" src=\"https:\/\/www.rosenfelder-strand.de\/wp-content\/plugins\/master-slider\/public\/assets\/css\/blank.gif\" alt=\"\" title=\"\" data-src=\"https:\/\/www.rosenfelder-strand.de\/wp-content\/uploads\/2017\/05\/ostsee_campingplatz_sanitaer_13.jpg\" \/>\n\n\n\t<img decoding=\"async\" class=\"ms-thumb\" src=\"https:\/\/www.rosenfelder-strand.de\/wp-content\/uploads\/2017\/05\/ostsee_campingplatz_sanitaer_13-120x63.jpg\" alt=\"\" \/>\n\t<div class=\"ms-thumb\" ><div class=\"ms-tab-context\"><div class=\"&quot;ms-tab-context&quot;\"><\/div><\/div>\n<\/div>\n\t\t\t\t<\/div>\n\t\t\t\t<div  class=\"ms-slide\" data-delay=\"3\" data-fill-mode=\"fill\"  >\n\t\t\t\t\t<img decoding=\"async\" src=\"https:\/\/www.rosenfelder-strand.de\/wp-content\/plugins\/master-slider\/public\/assets\/css\/blank.gif\" alt=\"\" title=\"\" data-src=\"https:\/\/www.rosenfelder-strand.de\/wp-content\/uploads\/2017\/05\/ostsee_campingplatz_sanitaer_9.jpg\" \/>\n\n\n\t<img decoding=\"async\" class=\"ms-thumb\" src=\"https:\/\/www.rosenfelder-strand.de\/wp-content\/uploads\/2017\/05\/ostsee_campingplatz_sanitaer_9-120x63.jpg\" alt=\"\" \/>\n\t<div class=\"ms-thumb\" ><div class=\"ms-tab-context\"><div class=\"&quot;ms-tab-context&quot;\"><\/div><\/div>\n<\/div>\n\t\t\t\t<\/div>\n\t\t\t\t<div  class=\"ms-slide\" data-delay=\"3\" data-fill-mode=\"fill\"  >\n\t\t\t\t\t<img decoding=\"async\" src=\"https:\/\/www.rosenfelder-strand.de\/wp-content\/plugins\/master-slider\/public\/assets\/css\/blank.gif\" alt=\"\" title=\"\" data-src=\"https:\/\/www.rosenfelder-strand.de\/wp-content\/uploads\/2017\/05\/ostsee_campingplatz_sanitaer_8.jpg\" \/>\n\n\n\t<img decoding=\"async\" class=\"ms-thumb\" src=\"https:\/\/www.rosenfelder-strand.de\/wp-content\/uploads\/2017\/05\/ostsee_campingplatz_sanitaer_8-120x63.jpg\" alt=\"\" \/>\n\t<div class=\"ms-thumb\" ><div class=\"ms-tab-context\"><div class=\"&quot;ms-tab-context&quot;\"><\/div><\/div>\n<\/div>\n\t\t\t\t<\/div>\n\t\t\t\t<div  class=\"ms-slide\" data-delay=\"3\" data-fill-mode=\"fill\"  >\n\t\t\t\t\t<img decoding=\"async\" src=\"https:\/\/www.rosenfelder-strand.de\/wp-content\/plugins\/master-slider\/public\/assets\/css\/blank.gif\" alt=\"\" title=\"\" data-src=\"https:\/\/www.rosenfelder-strand.de\/wp-content\/uploads\/2017\/05\/ostsee_campingplatz_sanitaer_7.jpg\" \/>\n\n\n\t<img decoding=\"async\" class=\"ms-thumb\" src=\"https:\/\/www.rosenfelder-strand.de\/wp-content\/uploads\/2017\/05\/ostsee_campingplatz_sanitaer_7-120x63.jpg\" alt=\"\" \/>\n\t<div class=\"ms-thumb\" ><div class=\"ms-tab-context\"><div class=\"&quot;ms-tab-context&quot;\"><\/div><\/div>\n<\/div>\n\t\t\t\t<\/div>\n\t\t\t\t<div  class=\"ms-slide\" data-delay=\"3\" data-fill-mode=\"fill\"  >\n\t\t\t\t\t<img decoding=\"async\" src=\"https:\/\/www.rosenfelder-strand.de\/wp-content\/plugins\/master-slider\/public\/assets\/css\/blank.gif\" alt=\"\" title=\"\" data-src=\"https:\/\/www.rosenfelder-strand.de\/wp-content\/uploads\/2017\/05\/ostsee_campingplatz_sanitaer_6.jpg\" \/>\n\n\n\t<img decoding=\"async\" class=\"ms-thumb\" src=\"https:\/\/www.rosenfelder-strand.de\/wp-content\/uploads\/2017\/05\/ostsee_campingplatz_sanitaer_6-120x63.jpg\" alt=\"\" \/>\n\t<div class=\"ms-thumb\" ><div class=\"ms-tab-context\"><div class=\"&quot;ms-tab-context&quot;\"><\/div><\/div>\n<\/div>\n\t\t\t\t<\/div>\n\t\t\t\t<div  class=\"ms-slide\" data-delay=\"3\" data-fill-mode=\"fill\"  >\n\t\t\t\t\t<img decoding=\"async\" src=\"https:\/\/www.rosenfelder-strand.de\/wp-content\/plugins\/master-slider\/public\/assets\/css\/blank.gif\" alt=\"\" title=\"\" data-src=\"https:\/\/www.rosenfelder-strand.de\/wp-content\/uploads\/2017\/05\/ostsee_campingplatz_sanitaer_5.jpg\" \/>\n\n\n\t<img decoding=\"async\" class=\"ms-thumb\" src=\"https:\/\/www.rosenfelder-strand.de\/wp-content\/uploads\/2017\/05\/ostsee_campingplatz_sanitaer_5-120x63.jpg\" alt=\"\" \/>\n\t<div class=\"ms-thumb\" ><div class=\"ms-tab-context\"><div class=\"&quot;ms-tab-context&quot;\"><\/div><\/div>\n<\/div>\n\t\t\t\t<\/div>\n\t\t\t\t<div  class=\"ms-slide\" data-delay=\"3\" data-fill-mode=\"fill\"  >\n\t\t\t\t\t<img decoding=\"async\" src=\"https:\/\/www.rosenfelder-strand.de\/wp-content\/plugins\/master-slider\/public\/assets\/css\/blank.gif\" alt=\"\" title=\"\" data-src=\"https:\/\/www.rosenfelder-strand.de\/wp-content\/uploads\/2017\/05\/ostsee_campingplatz_sanitaer_4.jpg\" \/>\n\n\n\t<img decoding=\"async\" class=\"ms-thumb\" src=\"https:\/\/www.rosenfelder-strand.de\/wp-content\/uploads\/2017\/05\/ostsee_campingplatz_sanitaer_4-120x63.jpg\" alt=\"\" \/>\n\t<div class=\"ms-thumb\" ><div class=\"ms-tab-context\"><div class=\"&quot;ms-tab-context&quot;\"><\/div><\/div>\n<\/div>\n\t\t\t\t<\/div>\n\t\t\t\t<div  class=\"ms-slide\" data-delay=\"3\" data-fill-mode=\"fill\"  >\n\t\t\t\t\t<img decoding=\"async\" src=\"https:\/\/www.rosenfelder-strand.de\/wp-content\/plugins\/master-slider\/public\/assets\/css\/blank.gif\" alt=\"\" title=\"\" data-src=\"https:\/\/www.rosenfelder-strand.de\/wp-content\/uploads\/2017\/05\/ostsee_campingplatz_sanitaer_3.jpg\" \/>\n\n\n\t<img decoding=\"async\" class=\"ms-thumb\" src=\"https:\/\/www.rosenfelder-strand.de\/wp-content\/uploads\/2017\/05\/ostsee_campingplatz_sanitaer_3-120x63.jpg\" alt=\"\" \/>\n\t<div class=\"ms-thumb\" ><div class=\"ms-tab-context\"><div class=\"&quot;ms-tab-context&quot;\"><\/div><\/div>\n<\/div>\n\t\t\t\t<\/div>\n\t\t\t\t<div  class=\"ms-slide\" data-delay=\"3\" data-fill-mode=\"fill\"  >\n\t\t\t\t\t<img decoding=\"async\" src=\"https:\/\/www.rosenfelder-strand.de\/wp-content\/plugins\/master-slider\/public\/assets\/css\/blank.gif\" alt=\"\" title=\"\" data-src=\"https:\/\/www.rosenfelder-strand.de\/wp-content\/uploads\/2017\/05\/ostsee_campingplatz_sanitaer_2.jpg\" \/>\n\n\n\t<img decoding=\"async\" class=\"ms-thumb\" src=\"https:\/\/www.rosenfelder-strand.de\/wp-content\/uploads\/2017\/05\/ostsee_campingplatz_sanitaer_2-120x63.jpg\" alt=\"\" \/>\n\t<div class=\"ms-thumb\" ><div class=\"ms-tab-context\"><div class=\"&quot;ms-tab-context&quot;\"><\/div><\/div>\n<\/div>\n\t\t\t\t<\/div>\n\t\t\t\t<div  class=\"ms-slide\" data-delay=\"3\" data-fill-mode=\"fill\"  >\n\t\t\t\t\t<img decoding=\"async\" src=\"https:\/\/www.rosenfelder-strand.de\/wp-content\/plugins\/master-slider\/public\/assets\/css\/blank.gif\" alt=\"\" title=\"\" data-src=\"https:\/\/www.rosenfelder-strand.de\/wp-content\/uploads\/2017\/05\/ostsee_campingplatz_sanitaer_1.jpg\" \/>\n\n\n\t<img decoding=\"async\" class=\"ms-thumb\" src=\"https:\/\/www.rosenfelder-strand.de\/wp-content\/uploads\/2017\/05\/ostsee_campingplatz_sanitaer_1-120x63.jpg\" alt=\"\" \/>\n\t<div class=\"ms-thumb\" ><div class=\"ms-tab-context\"><div class=\"&quot;ms-tab-context&quot;\"><\/div><\/div>\n<\/div>\n\t\t\t\t<\/div>\n\t\t\t\t<div  class=\"ms-slide\" data-delay=\"3\" data-fill-mode=\"fill\"  >\n\t\t\t\t\t<img decoding=\"async\" src=\"https:\/\/www.rosenfelder-strand.de\/wp-content\/plugins\/master-slider\/public\/assets\/css\/blank.gif\" alt=\"\" title=\"\" data-src=\"https:\/\/www.rosenfelder-strand.de\/wp-content\/uploads\/2017\/05\/ostsee_campingplatz_gastronomie_10.jpg\" \/>\n\n\n\t<img decoding=\"async\" class=\"ms-thumb\" src=\"https:\/\/www.rosenfelder-strand.de\/wp-content\/uploads\/2017\/05\/ostsee_campingplatz_gastronomie_10-120x63.jpg\" alt=\"\" \/>\n\t<div class=\"ms-thumb\" ><div class=\"ms-tab-context\"><div class=\"&quot;ms-tab-context&quot;\"><\/div><\/div>\n<\/div>\n\t\t\t\t<\/div>\n\t\t\t\t<div  class=\"ms-slide\" data-delay=\"3\" data-fill-mode=\"fill\"  >\n\t\t\t\t\t<img decoding=\"async\" src=\"https:\/\/www.rosenfelder-strand.de\/wp-content\/plugins\/master-slider\/public\/assets\/css\/blank.gif\" alt=\"\" title=\"\" data-src=\"https:\/\/www.rosenfelder-strand.de\/wp-content\/uploads\/2017\/05\/ostsee_campingplatz_sanitaer_10.jpg\" \/>\n\n\n\t<img decoding=\"async\" class=\"ms-thumb\" src=\"https:\/\/www.rosenfelder-strand.de\/wp-content\/uploads\/2017\/05\/ostsee_campingplatz_sanitaer_10-120x63.jpg\" alt=\"\" \/>\n\t<div class=\"ms-thumb\" ><div class=\"ms-tab-context\"><div class=\"&quot;ms-tab-context&quot;\"><\/div><\/div>\n<\/div>\n\t\t\t\t<\/div>\n\n\t\t\t<\/div>\n\t\t\t<!-- END MasterSlider Main -->\n\n\t\t\t \n\t\t<\/div>\n\t\t<!-- END MasterSlider -->\n\n\t\t<script>\n\t\t(function ( $ ) {\n\t\t\t\"use strict\";\n\n\t\t\t$(function () {\n\t\t\t\tvar masterslider_3489 = new MasterSlider();\n\n\t\t\t\t\/\/ slider controls\n\t\t\t\tmasterslider_3489.control('arrows'     ,{ autohide:true, overVideo:true  });\n\t\t\t\tmasterslider_3489.control('thumblist'  ,{ autohide:false, overVideo:true, dir:'h', speed:17, inset:false, arrows:false, hover:false, customClass:'', align:'bottom',type:'thumbs', margin:10, width:120, height:63, space:5, fillMode:'fill'  });\n\t\t\t\tmasterslider_3489.control('circletimer',{ autohide:false, overVideo:true, color:'#A2A2A2', radius:4, stroke:10   });\n\t\t\t\tmasterslider_3489.control('timebar'    ,{ autohide:false, overVideo:true, align:'bottom', color:'#FFFFFF'  , width:4 });\n\t\t\t\t\/\/ slider setup\n\t\t\t\tmasterslider_3489.setup(\"MS69e4d907c3489\", {\n\t\t\t\t\t\twidth           : 1280,\n\t\t\t\t\t\theight          : 823,\n\t\t\t\t\t\tminHeight       : 0,\n\t\t\t\t\t\tspace           : 0,\n\t\t\t\t\t\tstart           : 1,\n\t\t\t\t\t\tgrabCursor      : true,\n\t\t\t\t\t\tswipe           : true,\n\t\t\t\t\t\tmouse           : true,\n\t\t\t\t\t\tlayout          : \"boxed\",\n\t\t\t\t\t\twheel           : false,\n\t\t\t\t\t\tautoplay        : false,\n\t\t\t\t\t\tinstantStartLayers:false,\n\t\t\t\t\t\tloop            : false,\n\t\t\t\t\t\tshuffle         : false,\n\t\t\t\t\t\tpreload         : 0,\n\t\t\t\t\t\theightLimit     : true,\n\t\t\t\t\t\tautoHeight      : false,\n\t\t\t\t\t\tsmoothHeight    : true,\n\t\t\t\t\t\tendPause        : false,\n\t\t\t\t\t\toverPause       : true,\n\t\t\t\t\t\tfillMode        : \"fill\",\n\t\t\t\t\t\tcenterControls  : true,\n\t\t\t\t\t\tstartOnAppear   : false,\n\t\t\t\t\t\tlayersMode      : \"center\",\n\t\t\t\t\t\thideLayers      : false,\n\t\t\t\t\t\tfullscreenMargin: 0,\n\t\t\t\t\t\tspeed           : 20,\n\t\t\t\t\t\tdir             : \"h\",\n\t\t\t\t\t\tparallaxMode    : 'swipe',\n\t\t\t\t\t\tview            : \"basic\"\n\t\t\t\t});\n\n\t\t\t\t\n\t\t\t\twindow.masterslider_instances = window.masterslider_instances || [];\n\t\t\t\twindow.masterslider_instances.push( masterslider_3489 );\n\t\t\t });\n\n\t\t})(jQuery);\n\t\t<\/script>\n\n\n<a href=\"https:\/\/www.rosenfelder-strand.de\/campingplatz\/platzplan\/\" class=\"linkallgemein\"><i class=\"fa fa-info-circle\" aria-hidden=\"true\"><\/i>   Check out the short walking distances on our campsite map. \u00a0<\/a>\n<p>&nbsp;<\/p>\n<blockquote>\n<p>Each of the toilet and washroom blocks has a small play area \u2013 which meant our kids were always looking forward to brushing their teeth.<\/p>\n<\/blockquote>\n<p><\/p>\n<\/div>","protected":false},"excerpt":{"rendered":"<p>Bestm\u00f6gliche Bewertung auf ADAC: Vier gro\u00dfz\u00fcgige Sanit\u00e4rgeb\u00e4ude &#8211; sauber, sonnig und superneu!<\/p>\n","protected":false},"author":2,"featured_media":3358,"parent":12,"menu_order":3,"comment_status":"closed","ping_status":"closed","template":"","meta":{"_acf_changed":false,"footnotes":""},"acf":[],"_links":{"self":[{"href":"https:\/\/www.rosenfelder-strand.de\/en\/wp-json\/wp\/v2\/pages\/21"}],"collection":[{"href":"https:\/\/www.rosenfelder-strand.de\/en\/wp-json\/wp\/v2\/pages"}],"about":[{"href":"https:\/\/www.rosenfelder-strand.de\/en\/wp-json\/wp\/v2\/types\/page"}],"author":[{"embeddable":true,"href":"https:\/\/www.rosenfelder-strand.de\/en\/wp-json\/wp\/v2\/users\/2"}],"replies":[{"embeddable":true,"href":"https:\/\/www.rosenfelder-strand.de\/en\/wp-json\/wp\/v2\/comments?post=21"}],"version-history":[{"count":0,"href":"https:\/\/www.rosenfelder-strand.de\/en\/wp-json\/wp\/v2\/pages\/21\/revisions"}],"up":[{"embeddable":true,"href":"https:\/\/www.rosenfelder-strand.de\/en\/wp-json\/wp\/v2\/pages\/12"}],"wp:featuredmedia":[{"embeddable":true,"href":"https:\/\/www.rosenfelder-strand.de\/en\/wp-json\/wp\/v2\/media\/3358"}],"wp:attachment":[{"href":"https:\/\/www.rosenfelder-strand.de\/en\/wp-json\/wp\/v2\/media?parent=21"}],"curies":[{"name":"wp","href":"https:\/\/api.w.org\/{rel}","templated":true}]}}