{"id":19,"date":"2017-01-25T11:28:00","date_gmt":"2017-01-25T10:28:00","guid":{"rendered":"https:\/\/www.rosenfelder-strand.de\/?page_id=19"},"modified":"2023-10-31T12:39:50","modified_gmt":"2023-10-31T11:39:50","slug":"pitches","status":"publish","type":"page","link":"https:\/\/www.rosenfelder-strand.de\/en\/campsite\/pitches\/","title":{"rendered":"Pitches"},"content":{"rendered":"<div class=\"wpb-content-wrapper\"><p><\/p>\n<p>[vc_row][vc_column][vc_column_text]<\/p>\n<h2>Just the right pitch for every requirement<\/h2>\n<p>Our campsite offers just the right pitch for everyone. Each of the various holiday areas on the Campsite Rosenfelder Strand is distinguished by its own style and special charm. We will be pleased to advise you personally which area is the best starting point for your holiday.<\/p>\n<p>We offer three different sizes of pitches: up to 100 square metres, up to 115 square metres and up to 130 square metres.<\/p>\n<ul>\n<li>All pitches are equipped with electricity (16 amp \/ 3-pole blue CEE plug required).<\/li>\n<li>Our carefree pitches have a water\/wastewater connection (\u00f8 10 cm) directly on site.<\/li>\n<li>Caravans and tents have lawn pitches; the pitches for motorhomes are reinforced with grass pavers.<\/li>\n<\/ul>\n<div class=\"spalte2\">\n<h3>Deichhaus area<\/h3>\n\n\t\t<!-- MasterSlider -->\n\t\t<div id=\"P_MS69f8569c9cd8a\" class=\"master-slider-parent msl ms-parent-id-16\" style=\"max-width:1280px;\">\n\n\t\t\t\n\t\t\t<!-- MasterSlider Main -->\n\t\t\t<div id=\"MS69f8569c9cd8a\" class=\"master-slider ms-skin-light-2\" >\n\t\t\t\t \t\t\t\t \n\t\t\t\t<div  class=\"ms-slide\" data-delay=\"3\" data-fill-mode=\"fill\"  >\n\t\t\t\t\t<img decoding=\"async\" src=\"https:\/\/www.rosenfelder-strand.de\/wp-content\/plugins\/master-slider\/public\/assets\/css\/blank.gif\" alt=\"\" title=\"\" data-src=\"https:\/\/www.rosenfelder-strand.de\/wp-content\/uploads\/2017\/05\/ostsee_campingplatz_stellplatz_deich_8.jpg\" \/>\n\n\n\t<div class=\"ms-thumb\" ><div class=\"ms-tab-context\"><div class=\"&quot;ms-tab-context&quot;\"><\/div><\/div>\n<\/div>\n\t\t\t\t<\/div>\n\t\t\t\t<div  class=\"ms-slide\" data-delay=\"3\" data-fill-mode=\"fill\"  >\n\t\t\t\t\t<img decoding=\"async\" src=\"https:\/\/www.rosenfelder-strand.de\/wp-content\/plugins\/master-slider\/public\/assets\/css\/blank.gif\" alt=\"\" title=\"\" data-src=\"https:\/\/www.rosenfelder-strand.de\/wp-content\/uploads\/2017\/05\/ostsee_campingplatz_stellplatz_deich_7.jpg\" \/>\n\n\n\t<div class=\"ms-thumb\" ><div class=\"ms-tab-context\"><div class=\"&quot;ms-tab-context&quot;\"><\/div><\/div>\n<\/div>\n\t\t\t\t<\/div>\n\t\t\t\t<div  class=\"ms-slide\" data-delay=\"3\" data-fill-mode=\"fill\"  >\n\t\t\t\t\t<img decoding=\"async\" src=\"https:\/\/www.rosenfelder-strand.de\/wp-content\/plugins\/master-slider\/public\/assets\/css\/blank.gif\" alt=\"\" title=\"\" data-src=\"https:\/\/www.rosenfelder-strand.de\/wp-content\/uploads\/2017\/05\/ostsee_campingplatz_stellplatz_deich_6.jpg\" \/>\n\n\n\t<div class=\"ms-thumb\" ><div class=\"ms-tab-context\"><div class=\"&quot;ms-tab-context&quot;\"><\/div><\/div>\n<\/div>\n\t\t\t\t<\/div>\n\t\t\t\t<div  class=\"ms-slide\" data-delay=\"3\" data-fill-mode=\"fill\"  >\n\t\t\t\t\t<img decoding=\"async\" src=\"https:\/\/www.rosenfelder-strand.de\/wp-content\/plugins\/master-slider\/public\/assets\/css\/blank.gif\" alt=\"\" title=\"\" data-src=\"https:\/\/www.rosenfelder-strand.de\/wp-content\/uploads\/2017\/05\/ostsee_campingplatz_stellplatz_deich_5.jpg\" \/>\n\n\n\t<div class=\"ms-thumb\" ><div class=\"ms-tab-context\"><div class=\"&quot;ms-tab-context&quot;\"><\/div><\/div>\n<\/div>\n\t\t\t\t<\/div>\n\t\t\t\t<div  class=\"ms-slide\" data-delay=\"3\" data-fill-mode=\"fill\"  >\n\t\t\t\t\t<img decoding=\"async\" src=\"https:\/\/www.rosenfelder-strand.de\/wp-content\/plugins\/master-slider\/public\/assets\/css\/blank.gif\" alt=\"\" title=\"\" data-src=\"https:\/\/www.rosenfelder-strand.de\/wp-content\/uploads\/2017\/05\/ostsee_campingplatz_stellplatz_deich_3.jpg\" \/>\n\n\n\t<div class=\"ms-thumb\" ><div class=\"ms-tab-context\"><div class=\"&quot;ms-tab-context&quot;\"><\/div><\/div>\n<\/div>\n\t\t\t\t<\/div>\n\t\t\t\t<div  class=\"ms-slide\" data-delay=\"3\" data-fill-mode=\"fill\"  >\n\t\t\t\t\t<img decoding=\"async\" src=\"https:\/\/www.rosenfelder-strand.de\/wp-content\/plugins\/master-slider\/public\/assets\/css\/blank.gif\" alt=\"\" title=\"\" data-src=\"https:\/\/www.rosenfelder-strand.de\/wp-content\/uploads\/2017\/05\/ostsee_campingplatz_stellplatz_deich_1.jpg\" \/>\n\n\n\t<div class=\"ms-thumb\" ><div class=\"ms-tab-context\"><div class=\"&quot;ms-tab-context&quot;\"><\/div><\/div>\n<\/div>\n\t\t\t\t<\/div>\n\n\t\t\t<\/div>\n\t\t\t<!-- END MasterSlider Main -->\n\n\t\t\t \n\t\t<\/div>\n\t\t<!-- END MasterSlider -->\n\n\t\t<script>\n\t\t(function ( $ ) {\n\t\t\t\"use strict\";\n\n\t\t\t$(function () {\n\t\t\t\tvar masterslider_cd8a = new MasterSlider();\n\n\t\t\t\t\/\/ slider controls\n\t\t\t\tmasterslider_cd8a.control('bullets'    ,{ autohide:false, overVideo:false, dir:'h', align:'bottom' , margin:-20  });\n\n\t\t\t\tmasterslider_cd8a.control('circletimer',{ autohide:false, overVideo:true, color:'#A2A2A2', radius:4, stroke:10   });\n\t\t\t\tmasterslider_cd8a.control('timebar'    ,{ autohide:false, overVideo:true, align:'bottom', color:'#FFFFFF'  , width:4 });\n\t\t\t\t\/\/ slider setup\n\t\t\t\tmasterslider_cd8a.setup(\"MS69f8569c9cd8a\", {\n\t\t\t\t\t\twidth           : 1280,\n\t\t\t\t\t\theight          : 823,\n\t\t\t\t\t\tminHeight       : 0,\n\t\t\t\t\t\tspace           : 0,\n\t\t\t\t\t\tstart           : 1,\n\t\t\t\t\t\tgrabCursor      : false,\n\t\t\t\t\t\tswipe           : true,\n\t\t\t\t\t\tmouse           : true,\n\t\t\t\t\t\tlayout          : \"boxed\",\n\t\t\t\t\t\twheel           : false,\n\t\t\t\t\t\tautoplay        : false,\n\t\t\t\t\t\tinstantStartLayers:false,\n\t\t\t\t\t\tloop            : false,\n\t\t\t\t\t\tshuffle         : false,\n\t\t\t\t\t\tpreload         : 0,\n\t\t\t\t\t\theightLimit     : true,\n\t\t\t\t\t\tautoHeight      : false,\n\t\t\t\t\t\tsmoothHeight    : true,\n\t\t\t\t\t\tendPause        : false,\n\t\t\t\t\t\toverPause       : true,\n\t\t\t\t\t\tfillMode        : \"fill\",\n\t\t\t\t\t\tcenterControls  : true,\n\t\t\t\t\t\tstartOnAppear   : false,\n\t\t\t\t\t\tlayersMode      : \"center\",\n\t\t\t\t\t\thideLayers      : false,\n\t\t\t\t\t\tfullscreenMargin: 0,\n\t\t\t\t\t\tspeed           : 20,\n\t\t\t\t\t\tdir             : \"h\",\n\t\t\t\t\t\tparallaxMode    : 'swipe',\n\t\t\t\t\t\tview            : \"basic\"\n\t\t\t\t});\n\n\t\t\t\t\n\t\t\t\twindow.masterslider_instances = window.masterslider_instances || [];\n\t\t\t\twindow.masterslider_instances.push( masterslider_cd8a );\n\t\t\t });\n\n\t\t})(jQuery);\n\t\t<\/script>\n\n\n<p>Dogs are welcome in our Deichhaus area, except from the beginning of July to the middle of August. In this lively holiday area, situated around the Deichhaus, which is German for dyke house, you can enjoy the sun and a gentle summer breeze. The beach, entertainment and activities, the supermarket and restaurant are all only a short walk away.<\/p>\n<p><\/div><div class=\"spalte2letzte\"><\/p>\n<h3>Landhaus area<\/h3>\n\n\t\t<!-- MasterSlider -->\n\t\t<div id=\"P_MS69f8569c9e1af\" class=\"master-slider-parent msl ms-parent-id-17\" style=\"max-width:1280px;\">\n\n\t\t\t\n\t\t\t<!-- MasterSlider Main -->\n\t\t\t<div id=\"MS69f8569c9e1af\" class=\"master-slider ms-skin-light-2\" >\n\t\t\t\t \t\t\t\t \n\t\t\t\t<div  class=\"ms-slide\" data-delay=\"3\" data-fill-mode=\"fill\"  >\n\t\t\t\t\t<img decoding=\"async\" src=\"https:\/\/www.rosenfelder-strand.de\/wp-content\/plugins\/master-slider\/public\/assets\/css\/blank.gif\" alt=\"\" title=\"\" data-src=\"https:\/\/www.rosenfelder-strand.de\/wp-content\/uploads\/2017\/05\/ostsee_campingplatz_stellplatz_land_9.jpg\" \/>\n\n\n\t<div class=\"ms-thumb\" ><div class=\"ms-tab-context\"><div class=\"&quot;ms-tab-context&quot;\"><\/div><\/div>\n<\/div>\n\t\t\t\t<\/div>\n\t\t\t\t<div  class=\"ms-slide\" data-delay=\"3\" data-fill-mode=\"fill\"  >\n\t\t\t\t\t<img decoding=\"async\" src=\"https:\/\/www.rosenfelder-strand.de\/wp-content\/plugins\/master-slider\/public\/assets\/css\/blank.gif\" alt=\"\" title=\"\" data-src=\"https:\/\/www.rosenfelder-strand.de\/wp-content\/uploads\/2017\/05\/ostsee_campingplatz_stellplatz_land_12.jpg\" \/>\n\n\n\t<div class=\"ms-thumb\" ><div class=\"ms-tab-context\"><div class=\"&quot;ms-tab-context&quot;\"><\/div><\/div>\n<\/div>\n\t\t\t\t<\/div>\n\t\t\t\t<div  class=\"ms-slide\" data-delay=\"3\" data-fill-mode=\"fill\"  >\n\t\t\t\t\t<img decoding=\"async\" src=\"https:\/\/www.rosenfelder-strand.de\/wp-content\/plugins\/master-slider\/public\/assets\/css\/blank.gif\" alt=\"\" title=\"\" data-src=\"https:\/\/www.rosenfelder-strand.de\/wp-content\/uploads\/2017\/05\/ostsee_campingplatz_stellplatz_land_4.jpg\" \/>\n\n\n\t<div class=\"ms-thumb\" ><div class=\"ms-tab-context\"><div class=\"&quot;ms-tab-context&quot;\"><\/div><\/div>\n<\/div>\n\t\t\t\t<\/div>\n\t\t\t\t<div  class=\"ms-slide\" data-delay=\"3\" data-fill-mode=\"fill\"  >\n\t\t\t\t\t<img decoding=\"async\" src=\"https:\/\/www.rosenfelder-strand.de\/wp-content\/plugins\/master-slider\/public\/assets\/css\/blank.gif\" alt=\"\" title=\"\" data-src=\"https:\/\/www.rosenfelder-strand.de\/wp-content\/uploads\/2017\/05\/ostsee_campingplatz_stellplatz_land_5.jpg\" \/>\n\n\n\t<div class=\"ms-thumb\" ><div class=\"ms-tab-context\"><div class=\"&quot;ms-tab-context&quot;\"><\/div><\/div>\n<\/div>\n\t\t\t\t<\/div>\n\t\t\t\t<div  class=\"ms-slide\" data-delay=\"3\" data-fill-mode=\"fill\"  >\n\t\t\t\t\t<img decoding=\"async\" src=\"https:\/\/www.rosenfelder-strand.de\/wp-content\/plugins\/master-slider\/public\/assets\/css\/blank.gif\" alt=\"\" title=\"\" data-src=\"https:\/\/www.rosenfelder-strand.de\/wp-content\/uploads\/2017\/05\/ostsee_campingplatz_stellplatz_land_6.jpg\" \/>\n\n\n\t<div class=\"ms-thumb\" ><div class=\"ms-tab-context\"><div class=\"&quot;ms-tab-context&quot;\"><\/div><\/div>\n<\/div>\n\t\t\t\t<\/div>\n\t\t\t\t<div  class=\"ms-slide\" data-delay=\"3\" data-fill-mode=\"fill\"  >\n\t\t\t\t\t<img decoding=\"async\" src=\"https:\/\/www.rosenfelder-strand.de\/wp-content\/plugins\/master-slider\/public\/assets\/css\/blank.gif\" alt=\"\" title=\"\" data-src=\"https:\/\/www.rosenfelder-strand.de\/wp-content\/uploads\/2017\/05\/ostsee_campingplatz_stellplatz_land_7.jpg\" \/>\n\n\n\t<div class=\"ms-thumb\" ><div class=\"ms-tab-context\"><div class=\"&quot;ms-tab-context&quot;\"><\/div><\/div>\n<\/div>\n\t\t\t\t<\/div>\n\t\t\t\t<div  class=\"ms-slide\" data-delay=\"3\" data-fill-mode=\"fill\"  >\n\t\t\t\t\t<img decoding=\"async\" src=\"https:\/\/www.rosenfelder-strand.de\/wp-content\/plugins\/master-slider\/public\/assets\/css\/blank.gif\" alt=\"\" title=\"\" data-src=\"https:\/\/www.rosenfelder-strand.de\/wp-content\/uploads\/2017\/05\/ostsee_campingplatz_stellplatz_land_11.jpg\" \/>\n\n\n\t<div class=\"ms-thumb\" ><div class=\"ms-tab-context\"><div class=\"&quot;ms-tab-context&quot;\"><\/div><\/div>\n<\/div>\n\t\t\t\t<\/div>\n\t\t\t\t<div  class=\"ms-slide\" data-delay=\"3\" data-fill-mode=\"fill\"  >\n\t\t\t\t\t<img decoding=\"async\" src=\"https:\/\/www.rosenfelder-strand.de\/wp-content\/plugins\/master-slider\/public\/assets\/css\/blank.gif\" alt=\"\" title=\"\" data-src=\"https:\/\/www.rosenfelder-strand.de\/wp-content\/uploads\/2017\/05\/ostsee_campingplatz_stellplatz_land_2.jpg\" \/>\n\n\n\t<div class=\"ms-thumb\" ><div class=\"ms-tab-context\"><div class=\"&quot;ms-tab-context&quot;\"><\/div><\/div>\n<\/div>\n\t\t\t\t<\/div>\n\n\t\t\t<\/div>\n\t\t\t<!-- END MasterSlider Main -->\n\n\t\t\t \n\t\t<\/div>\n\t\t<!-- END MasterSlider -->\n\n\t\t<script>\n\t\t(function ( $ ) {\n\t\t\t\"use strict\";\n\n\t\t\t$(function () {\n\t\t\t\tvar masterslider_e1af = new MasterSlider();\n\n\t\t\t\t\/\/ slider controls\n\t\t\t\tmasterslider_e1af.control('bullets'    ,{ autohide:false, overVideo:false, dir:'h', align:'bottom' , margin:-20  });\n\n\t\t\t\tmasterslider_e1af.control('circletimer',{ autohide:false, overVideo:true, color:'#A2A2A2', radius:4, stroke:10   });\n\t\t\t\tmasterslider_e1af.control('timebar'    ,{ autohide:false, overVideo:true, align:'bottom', color:'#FFFFFF'  , width:4 });\n\t\t\t\t\/\/ slider setup\n\t\t\t\tmasterslider_e1af.setup(\"MS69f8569c9e1af\", {\n\t\t\t\t\t\twidth           : 1280,\n\t\t\t\t\t\theight          : 823,\n\t\t\t\t\t\tminHeight       : 0,\n\t\t\t\t\t\tspace           : 0,\n\t\t\t\t\t\tstart           : 1,\n\t\t\t\t\t\tgrabCursor      : false,\n\t\t\t\t\t\tswipe           : true,\n\t\t\t\t\t\tmouse           : true,\n\t\t\t\t\t\tlayout          : \"boxed\",\n\t\t\t\t\t\twheel           : false,\n\t\t\t\t\t\tautoplay        : false,\n\t\t\t\t\t\tinstantStartLayers:false,\n\t\t\t\t\t\tloop            : false,\n\t\t\t\t\t\tshuffle         : false,\n\t\t\t\t\t\tpreload         : 0,\n\t\t\t\t\t\theightLimit     : true,\n\t\t\t\t\t\tautoHeight      : false,\n\t\t\t\t\t\tsmoothHeight    : true,\n\t\t\t\t\t\tendPause        : false,\n\t\t\t\t\t\toverPause       : true,\n\t\t\t\t\t\tfillMode        : \"fill\",\n\t\t\t\t\t\tcenterControls  : true,\n\t\t\t\t\t\tstartOnAppear   : false,\n\t\t\t\t\t\tlayersMode      : \"center\",\n\t\t\t\t\t\thideLayers      : false,\n\t\t\t\t\t\tfullscreenMargin: 0,\n\t\t\t\t\t\tspeed           : 20,\n\t\t\t\t\t\tdir             : \"h\",\n\t\t\t\t\t\tparallaxMode    : 'swipe',\n\t\t\t\t\t\tview            : \"basic\"\n\t\t\t\t});\n\n\t\t\t\t\n\t\t\t\twindow.masterslider_instances = window.masterslider_instances || [];\n\t\t\t\twindow.masterslider_instances.push( masterslider_e1af );\n\t\t\t });\n\n\t\t})(jQuery);\n\t\t<\/script>\n\n\n<p>This sunny, dog-free holiday area situated around the Landhaus, which is German for country house, offers both peaceful and livelier sections. No matter where your pitch is located, beautiful plants protect the premises from the wind and provide you with a wonderful view of nature. Here you can use our best and largest toilet and shower block, or enjoy our sauna (for an additional charge).<\/p>\n<p><\/div><div class=\"clear\"><\/div>\n<div class=\"boxdunkel\">For information on our other smaller holiday areas, please contact reception.<\/div>\n<ul>\n<li><a href=\"https:\/\/www.rosenfelder-strand.de\/en\/campsite\/campsite-map\/\">Go to campsite map<\/a><\/li>\n<li><a href=\"https:\/\/www.rosenfelder-strand.de\/en\/prices\/holiday-pitches\/\">Go to prices<\/a><\/li>\n<\/ul>\n<blockquote>\n<p>We were on this campsite a while ago and were very satisfied. A very clean and well organised campsite. We will definitely visit again, next time with our kids.<\/p>\n<\/blockquote>\n<p>[\/vc_column_text][\/vc_column][\/vc_row]<\/p>\n<p><\/p>\n<\/div>","protected":false},"excerpt":{"rendered":"<p>Jeder findet seinen Wunschplatz: Drei verschiedene Platzgr\u00f6\u00dfen f\u00fcr jeden Geschmack und jedes Budget. <\/p>\n","protected":false},"author":2,"featured_media":1052,"parent":12,"menu_order":1,"comment_status":"closed","ping_status":"closed","template":"","meta":{"_acf_changed":false,"footnotes":""},"acf":[],"_links":{"self":[{"href":"https:\/\/www.rosenfelder-strand.de\/en\/wp-json\/wp\/v2\/pages\/19"}],"collection":[{"href":"https:\/\/www.rosenfelder-strand.de\/en\/wp-json\/wp\/v2\/pages"}],"about":[{"href":"https:\/\/www.rosenfelder-strand.de\/en\/wp-json\/wp\/v2\/types\/page"}],"author":[{"embeddable":true,"href":"https:\/\/www.rosenfelder-strand.de\/en\/wp-json\/wp\/v2\/users\/2"}],"replies":[{"embeddable":true,"href":"https:\/\/www.rosenfelder-strand.de\/en\/wp-json\/wp\/v2\/comments?post=19"}],"version-history":[{"count":1,"href":"https:\/\/www.rosenfelder-strand.de\/en\/wp-json\/wp\/v2\/pages\/19\/revisions"}],"predecessor-version":[{"id":12593,"href":"https:\/\/www.rosenfelder-strand.de\/en\/wp-json\/wp\/v2\/pages\/19\/revisions\/12593"}],"up":[{"embeddable":true,"href":"https:\/\/www.rosenfelder-strand.de\/en\/wp-json\/wp\/v2\/pages\/12"}],"wp:featuredmedia":[{"embeddable":true,"href":"https:\/\/www.rosenfelder-strand.de\/en\/wp-json\/wp\/v2\/media\/1052"}],"wp:attachment":[{"href":"https:\/\/www.rosenfelder-strand.de\/en\/wp-json\/wp\/v2\/media?parent=19"}],"curies":[{"name":"wp","href":"https:\/\/api.w.org\/{rel}","templated":true}]}}