{"id":13,"date":"2017-01-25T11:25:25","date_gmt":"2017-01-25T10:25:25","guid":{"rendered":"https:\/\/www.rosenfelder-strand.de\/?page_id=13"},"modified":"2025-12-09T19:17:49","modified_gmt":"2025-12-09T18:17:49","slug":"campsite-map","status":"publish","type":"page","link":"https:\/\/www.rosenfelder-strand.de\/en\/campsite\/campsite-map\/","title":{"rendered":"Platzplan"},"content":{"rendered":"<div class=\"wpb-content-wrapper\"><p>[vc_row][vc_column][vc_column_text]<\/p>\n<h2>Verschaffen Sie sich einen \u00dcberblick<\/h2>\n<p>Sie brauchen den raschen \u00dcberblick, wo die Rezeption ist? Oder wie weit das <a href=\"https:\/\/www.rosenfelder-strand.de\/campingplatz\/gastronomie\/\">Restaurant<\/a> vom <a href=\"https:\/\/www.rosenfelder-strand.de\/campingplatz\/strandbereich\/\">Strand<\/a> weg ist ? Wo das n\u00e4chste Sanit\u00e4rgeb\u00e4ude <a href=\"https:\/\/www.rosenfelder-strand.de\/campingplatz\/sanitaeranlagen\/\">Landhaus, M\u00f6wenhaus, Sommerhaus oder Deichhaus<\/a> liegt, oder in welchem Bereich die Mietwohnwagen stehen? Dann schauen Sie auf unseren Platzplan, da sehen Sie alles Wichtige vom Rosenfelder Strand Ostsee Camping auf einen Blick.<\/p>\n<p><a href=\"https:\/\/www.rosenfelder-strand.de\/wp-content\/uploads\/2025\/12\/Lageplan-2026.pdf\" target=\"_blank\" rel=\"noopener\"><img loading=\"lazy\" decoding=\"async\" class=\"alignnone wp-image-13449 size-full\" src=\"https:\/\/www.rosenfelder-strand.de\/wp-content\/uploads\/2025\/12\/Lageplan-2026-scaled.jpg\" alt=\"\" width=\"2367\" height=\"2560\" srcset=\"https:\/\/www.rosenfelder-strand.de\/wp-content\/uploads\/2025\/12\/Lageplan-2026-scaled.jpg 2367w, https:\/\/www.rosenfelder-strand.de\/wp-content\/uploads\/2025\/12\/Lageplan-2026-462x500.jpg 462w, https:\/\/www.rosenfelder-strand.de\/wp-content\/uploads\/2025\/12\/Lageplan-2026-947x1024.jpg 947w, https:\/\/www.rosenfelder-strand.de\/wp-content\/uploads\/2025\/12\/Lageplan-2026-768x831.jpg 768w, https:\/\/www.rosenfelder-strand.de\/wp-content\/uploads\/2025\/12\/Lageplan-2026-1420x1536.jpg 1420w, https:\/\/www.rosenfelder-strand.de\/wp-content\/uploads\/2025\/12\/Lageplan-2026-1894x2048.jpg 1894w\" sizes=\"(max-width: 2367px) 100vw, 2367px\" \/><\/a><\/p>\n<p>[\/vc_column_text][\/vc_column][\/vc_row]<\/p>\n<\/div>","protected":false},"excerpt":{"rendered":"<p>Zum Download und zum Ausdrucken: Unser Lageplan mit allen Pl\u00e4tzen und Ausstattungen.<\/p>\n","protected":false},"author":2,"featured_media":672,"parent":12,"menu_order":9,"comment_status":"closed","ping_status":"closed","template":"","meta":{"_acf_changed":false,"footnotes":""},"acf":[],"_links":{"self":[{"href":"https:\/\/www.rosenfelder-strand.de\/en\/wp-json\/wp\/v2\/pages\/13"}],"collection":[{"href":"https:\/\/www.rosenfelder-strand.de\/en\/wp-json\/wp\/v2\/pages"}],"about":[{"href":"https:\/\/www.rosenfelder-strand.de\/en\/wp-json\/wp\/v2\/types\/page"}],"author":[{"embeddable":true,"href":"https:\/\/www.rosenfelder-strand.de\/en\/wp-json\/wp\/v2\/users\/2"}],"replies":[{"embeddable":true,"href":"https:\/\/www.rosenfelder-strand.de\/en\/wp-json\/wp\/v2\/comments?post=13"}],"version-history":[{"count":4,"href":"https:\/\/www.rosenfelder-strand.de\/en\/wp-json\/wp\/v2\/pages\/13\/revisions"}],"predecessor-version":[{"id":13458,"href":"https:\/\/www.rosenfelder-strand.de\/en\/wp-json\/wp\/v2\/pages\/13\/revisions\/13458"}],"up":[{"embeddable":true,"href":"https:\/\/www.rosenfelder-strand.de\/en\/wp-json\/wp\/v2\/pages\/12"}],"wp:featuredmedia":[{"embeddable":true,"href":"https:\/\/www.rosenfelder-strand.de\/en\/wp-json\/wp\/v2\/media\/672"}],"wp:attachment":[{"href":"https:\/\/www.rosenfelder-strand.de\/en\/wp-json\/wp\/v2\/media?parent=13"}],"curies":[{"name":"wp","href":"https:\/\/api.w.org\/{rel}","templated":true}]}}